{"id":82,"date":"2021-02-26T08:27:36","date_gmt":"2021-02-26T13:27:36","guid":{"rendered":"https:\/\/earltonlions.com\/?page_id=82"},"modified":"2022-08-24T15:36:45","modified_gmt":"2022-08-24T19:36:45","slug":"contact","status":"publish","type":"page","link":"https:\/\/earltonlions.com\/fr\/contact\/","title":{"rendered":"Contact"},"content":{"rendered":"<div id=\"cs-content\" class=\"cs-content\"><\/div>\n","protected":false},"excerpt":{"rendered":"<p>Courriel clublionsearlton@gmail.comAdresse18 \u2013 10 e Rue, Earlton, ON, P0J 1E0T\u00e9l\u00e9phone705-563-2122 Nom(N\u00e9cessaire) Pr\u00e9nom Nom Courriel Num\u00e9ro de t\u00e9l\u00e9phone(N\u00e9cessaire)SujetMessage<\/p>\n","protected":false},"author":2,"featured_media":0,"parent":0,"menu_order":5,"comment_status":"closed","ping_status":"closed","template":"template-blank-4.php","meta":{"_seopress_robots_primary_cat":"","_seopress_titles_title":"Nous contacter | Club Lions d\u2019Earlton","_seopress_titles_desc":"Nous avons besoin de votre aide pour faire la diff\u00e9rence ! Nous sommes joignables \u00e0 clublionsearlton@gmail.com, 705-563-2122 ou 18 \u2013 10 e Rue, Earlton.","_seopress_robots_index":"","footnotes":""},"class_list":["post-82","page","type-page","status-publish","hentry","no-post-thumbnail"],"_links":{"self":[{"href":"https:\/\/earltonlions.com\/fr\/wp-json\/wp\/v2\/pages\/82","targetHints":{"allow":["GET"]}}],"collection":[{"href":"https:\/\/earltonlions.com\/fr\/wp-json\/wp\/v2\/pages"}],"about":[{"href":"https:\/\/earltonlions.com\/fr\/wp-json\/wp\/v2\/types\/page"}],"author":[{"embeddable":true,"href":"https:\/\/earltonlions.com\/fr\/wp-json\/wp\/v2\/users\/2"}],"replies":[{"embeddable":true,"href":"https:\/\/earltonlions.com\/fr\/wp-json\/wp\/v2\/comments?post=82"}],"version-history":[{"count":5,"href":"https:\/\/earltonlions.com\/fr\/wp-json\/wp\/v2\/pages\/82\/revisions"}],"predecessor-version":[{"id":183,"href":"https:\/\/earltonlions.com\/fr\/wp-json\/wp\/v2\/pages\/82\/revisions\/183"}],"wp:attachment":[{"href":"https:\/\/earltonlions.com\/fr\/wp-json\/wp\/v2\/media?parent=82"}],"curies":[{"name":"wp","href":"https:\/\/api.w.org\/{rel}","templated":true}]}}