{"id":77,"date":"2021-02-26T08:26:31","date_gmt":"2021-02-26T13:26:31","guid":{"rendered":"https:\/\/earltonlions.com\/?page_id=77"},"modified":"2026-03-31T16:09:42","modified_gmt":"2026-03-31T20:09:42","slug":"tirage-annuel","status":"publish","type":"page","link":"https:\/\/earltonlions.com\/fr\/tirage-annuel\/","title":{"rendered":"Tirage annuel"},"content":{"rendered":"<div id=\"cs-content\" class=\"cs-content\"><\/div>\n","protected":false},"excerpt":{"rendered":"<p>Tous les billets ont \u00e9t\u00e9 vendus Les diff&eacute;rents tirages auront lieu le 30 octobre 2025 &agrave; 14 h au Coeur du Village, situ&eacute; au 18 &mdash; 10th Street, Earlton, ON. Merci !Le 37e tirage annuel du Club Lions d\u2019Earlton aura &#8230; <\/p>\n<div><a href=\"https:\/\/earltonlions.com\/fr\/tirage-annuel\/\" class=\"more-link\">Read More<\/a><\/div>\n","protected":false},"author":2,"featured_media":0,"parent":0,"menu_order":1,"comment_status":"closed","ping_status":"closed","template":"template-blank-4.php","meta":{"_seopress_robots_primary_cat":"","_seopress_titles_title":"Notre tirage annuel | Club Lions d\u2019Earlton","_seopress_titles_desc":"Plus de 1,6 million de dollars ont \u00e9t\u00e9 remis \u00e0 plus de 100 organismes. Nous comptons sur la famille du Nord de l\u2019Ontario pour continuer \u00e0 redonner \u00e0 ces organismes.","_seopress_robots_index":"","footnotes":""},"class_list":["post-77","page","type-page","status-publish","hentry","no-post-thumbnail"],"_links":{"self":[{"href":"https:\/\/earltonlions.com\/fr\/wp-json\/wp\/v2\/pages\/77","targetHints":{"allow":["GET"]}}],"collection":[{"href":"https:\/\/earltonlions.com\/fr\/wp-json\/wp\/v2\/pages"}],"about":[{"href":"https:\/\/earltonlions.com\/fr\/wp-json\/wp\/v2\/types\/page"}],"author":[{"embeddable":true,"href":"https:\/\/earltonlions.com\/fr\/wp-json\/wp\/v2\/users\/2"}],"replies":[{"embeddable":true,"href":"https:\/\/earltonlions.com\/fr\/wp-json\/wp\/v2\/comments?post=77"}],"version-history":[{"count":75,"href":"https:\/\/earltonlions.com\/fr\/wp-json\/wp\/v2\/pages\/77\/revisions"}],"predecessor-version":[{"id":728,"href":"https:\/\/earltonlions.com\/fr\/wp-json\/wp\/v2\/pages\/77\/revisions\/728"}],"wp:attachment":[{"href":"https:\/\/earltonlions.com\/fr\/wp-json\/wp\/v2\/media?parent=77"}],"curies":[{"name":"wp","href":"https:\/\/api.w.org\/{rel}","templated":true}]}}