{"id":26,"date":"2021-02-10T18:05:00","date_gmt":"2021-02-10T23:05:00","guid":{"rendered":"https:\/\/earltonlions.com\/?page_id=26"},"modified":"2026-03-10T13:07:28","modified_gmt":"2026-03-10T17:07:28","slug":"accueil","status":"publish","type":"page","link":"https:\/\/earltonlions.com\/fr\/","title":{"rendered":"Accueil"},"content":{"rendered":"<div id=\"cs-content\" class=\"cs-content\"><\/div>\n","protected":false},"excerpt":{"rendered":"<p>Tirage ANNUEL 2026 : Plus de 159 312$ en prix EN SAVOIR PLUSLe Club Lions d\u2019Earlton est le seul en Ontario qui, depuis 1982, est inscrit \u00e0 titre de club de langue fran\u00e7aise.\u00a0 Nous comptons 21 membres, lesquels sont r\u00e9partis &#8230; <\/p>\n<div><a href=\"https:\/\/earltonlions.com\/fr\/\" class=\"more-link\">Read More<\/a><\/div>\n","protected":false},"author":2,"featured_media":0,"parent":0,"menu_order":0,"comment_status":"closed","ping_status":"closed","template":"template-blank-4.php","meta":{"_seopress_robots_primary_cat":"","_seopress_titles_title":"Club Lions d\u2019Earlton | Seul club de langue fran\u00e7aise en Ontario","_seopress_titles_desc":"Le Club Lions d&#039;Eartlon soutient les organismes \u00e0 but non lucratif du T\u00e9miskaming ontarien et fournit des ressources \u00e0 la communaut\u00e9. ","_seopress_robots_index":"","footnotes":""},"class_list":["post-26","page","type-page","status-publish","hentry","no-post-thumbnail"],"_links":{"self":[{"href":"https:\/\/earltonlions.com\/fr\/wp-json\/wp\/v2\/pages\/26","targetHints":{"allow":["GET"]}}],"collection":[{"href":"https:\/\/earltonlions.com\/fr\/wp-json\/wp\/v2\/pages"}],"about":[{"href":"https:\/\/earltonlions.com\/fr\/wp-json\/wp\/v2\/types\/page"}],"author":[{"embeddable":true,"href":"https:\/\/earltonlions.com\/fr\/wp-json\/wp\/v2\/users\/2"}],"replies":[{"embeddable":true,"href":"https:\/\/earltonlions.com\/fr\/wp-json\/wp\/v2\/comments?post=26"}],"version-history":[{"count":43,"href":"https:\/\/earltonlions.com\/fr\/wp-json\/wp\/v2\/pages\/26\/revisions"}],"predecessor-version":[{"id":688,"href":"https:\/\/earltonlions.com\/fr\/wp-json\/wp\/v2\/pages\/26\/revisions\/688"}],"wp:attachment":[{"href":"https:\/\/earltonlions.com\/fr\/wp-json\/wp\/v2\/media?parent=26"}],"curies":[{"name":"wp","href":"https:\/\/api.w.org\/{rel}","templated":true}]}}