{"id":256,"date":"2022-07-18T10:50:53","date_gmt":"2022-07-18T14:50:53","guid":{"rendered":"https:\/\/earltonlions.com\/vendors\/"},"modified":"2026-03-12T13:07:43","modified_gmt":"2026-03-12T17:07:43","slug":"fournisseurs","status":"publish","type":"page","link":"https:\/\/earltonlions.com\/fr\/tirage-annuel\/fournisseurs\/","title":{"rendered":"Fournisseurs"},"content":{"rendered":"<div id=\"cs-content\" class=\"cs-content\"><\/div>\n","protected":false},"excerpt":{"rendered":"<p>Earlton: Earlton Country Store Earlton Lions Club office &#8211; 18-10th St Earlton RV Township of Armstrong officeElk Lake: J &#038; S VarietyEnglehart: William &amp; Scott Hardware Ltd Kingston Gas BarField: Riverview MarketHaileybury: Smallman&rsquo;s Pharmacy New Liskeard: Tri-Town Toyota Ebert Welding &#8230; <\/p>\n<div><a href=\"https:\/\/earltonlions.com\/fr\/tirage-annuel\/fournisseurs\/\" class=\"more-link\">Read More<\/a><\/div>\n","protected":false},"author":2,"featured_media":0,"parent":77,"menu_order":2,"comment_status":"closed","ping_status":"closed","template":"template-blank-4.php","meta":{"_seopress_robots_primary_cat":"","_seopress_titles_title":"Nos fournisseurs | Club Lions Earlton","_seopress_titles_desc":"Notre \u00e9v\u00e9nement ne pourrait pas \u00eatre possible sans l&#039;aide de nos fournisseurs, merci \u00e0 toutes les entreprises qui ont rendu cette collecte de fonds possible\u00a0!","_seopress_robots_index":"","footnotes":""},"class_list":["post-256","page","type-page","status-publish","hentry","no-post-thumbnail"],"_links":{"self":[{"href":"https:\/\/earltonlions.com\/fr\/wp-json\/wp\/v2\/pages\/256","targetHints":{"allow":["GET"]}}],"collection":[{"href":"https:\/\/earltonlions.com\/fr\/wp-json\/wp\/v2\/pages"}],"about":[{"href":"https:\/\/earltonlions.com\/fr\/wp-json\/wp\/v2\/types\/page"}],"author":[{"embeddable":true,"href":"https:\/\/earltonlions.com\/fr\/wp-json\/wp\/v2\/users\/2"}],"replies":[{"embeddable":true,"href":"https:\/\/earltonlions.com\/fr\/wp-json\/wp\/v2\/comments?post=256"}],"version-history":[{"count":12,"href":"https:\/\/earltonlions.com\/fr\/wp-json\/wp\/v2\/pages\/256\/revisions"}],"predecessor-version":[{"id":718,"href":"https:\/\/earltonlions.com\/fr\/wp-json\/wp\/v2\/pages\/256\/revisions\/718"}],"up":[{"embeddable":true,"href":"https:\/\/earltonlions.com\/fr\/wp-json\/wp\/v2\/pages\/77"}],"wp:attachment":[{"href":"https:\/\/earltonlions.com\/fr\/wp-json\/wp\/v2\/media?parent=256"}],"curies":[{"name":"wp","href":"https:\/\/api.w.org\/{rel}","templated":true}]}}