{"id":200,"date":"2022-07-15T15:42:47","date_gmt":"2022-07-15T19:42:47","guid":{"rendered":"https:\/\/lions.worryfreeweb.ca\/tirage-annuel\/rules-and-regulations\/"},"modified":"2026-03-10T11:09:52","modified_gmt":"2026-03-10T15:09:52","slug":"regles-et-reglements","status":"publish","type":"page","link":"https:\/\/earltonlions.com\/fr\/tirage-annuel\/regles-et-reglements\/","title":{"rendered":"R\u00e8gles et r\u00e8glements"},"content":{"rendered":"<div id=\"cs-content\" class=\"cs-content\"><\/div>\n","protected":false},"excerpt":{"rendered":"<p>R\u00c8GLES ET R\u00c8GLEMENTS Les billets co\u00fbtent 60 $ chacun. Tous les prix doivent \u00eatre accept\u00e9s tels quels et peuvent ne pas correspondre exactement \u00e0 ceux illustr\u00e9s. Aucune substitution n&rsquo;est possible. Les prix n&rsquo;ont aucune valeur mon\u00e9taire, sauf indication contraire. Tous &#8230; <\/p>\n<div><a href=\"https:\/\/earltonlions.com\/fr\/tirage-annuel\/regles-et-reglements\/\" class=\"more-link\">Read More<\/a><\/div>\n","protected":false},"author":2,"featured_media":0,"parent":77,"menu_order":2,"comment_status":"closed","ping_status":"closed","template":"template-blank-4.php","meta":{"_seopress_robots_primary_cat":"","_seopress_titles_title":"R\u00e8gles et r\u00e8glements | Club Lions Earlton","_seopress_titles_desc":"En achetant un billet pour le 33e tirage annuel du Earlton Lions Club, l&#039;acheteur reconna\u00eet avoir lu, compris et accept\u00e9 ces r\u00e8gles et r\u00e8glements.","_seopress_robots_index":"","footnotes":""},"class_list":["post-200","page","type-page","status-publish","hentry","no-post-thumbnail"],"_links":{"self":[{"href":"https:\/\/earltonlions.com\/fr\/wp-json\/wp\/v2\/pages\/200","targetHints":{"allow":["GET"]}}],"collection":[{"href":"https:\/\/earltonlions.com\/fr\/wp-json\/wp\/v2\/pages"}],"about":[{"href":"https:\/\/earltonlions.com\/fr\/wp-json\/wp\/v2\/types\/page"}],"author":[{"embeddable":true,"href":"https:\/\/earltonlions.com\/fr\/wp-json\/wp\/v2\/users\/2"}],"replies":[{"embeddable":true,"href":"https:\/\/earltonlions.com\/fr\/wp-json\/wp\/v2\/comments?post=200"}],"version-history":[{"count":8,"href":"https:\/\/earltonlions.com\/fr\/wp-json\/wp\/v2\/pages\/200\/revisions"}],"predecessor-version":[{"id":674,"href":"https:\/\/earltonlions.com\/fr\/wp-json\/wp\/v2\/pages\/200\/revisions\/674"}],"up":[{"embeddable":true,"href":"https:\/\/earltonlions.com\/fr\/wp-json\/wp\/v2\/pages\/77"}],"wp:attachment":[{"href":"https:\/\/earltonlions.com\/fr\/wp-json\/wp\/v2\/media?parent=200"}],"curies":[{"name":"wp","href":"https:\/\/api.w.org\/{rel}","templated":true}]}}