{"id":196,"date":"2022-07-15T15:42:47","date_gmt":"2022-07-15T19:42:47","guid":{"rendered":"https:\/\/earltonlions.com\/tirage-annuel\/faq\/"},"modified":"2026-03-10T16:14:17","modified_gmt":"2026-03-10T20:14:17","slug":"faq","status":"publish","type":"page","link":"https:\/\/earltonlions.com\/fr\/tirage-annuel\/faq\/","title":{"rendered":"FAQ"},"content":{"rendered":"<div id=\"cs-content\" class=\"cs-content\"><\/div>\n","protected":false},"excerpt":{"rendered":"<p>Q) \u00c7a fait plus de 7 jours ouvrables, o\u00f9 est mon billet? R) Si vous ne voyez pas votre billet dans la bo\u00eete de r\u00e9ception, consultez le dossier des courriers ind\u00e9sirables ou spam. Appelez le bureau au 705-563-2122 pour obtenir &#8230; <\/p>\n<div><a href=\"https:\/\/earltonlions.com\/fr\/tirage-annuel\/faq\/\" class=\"more-link\">Read More<\/a><\/div>\n","protected":false},"author":2,"featured_media":0,"parent":77,"menu_order":2,"comment_status":"closed","ping_status":"closed","template":"template-blank-4.php","meta":{"_seopress_robots_primary_cat":"","_seopress_titles_title":"FAQ | Club Lions Earlton","_seopress_titles_desc":"Nous voulons que votre exp\u00e9rience avec Earlton Lions Club soit facile, toutes vos questions sont r\u00e9pondues ici ! N&#039;h\u00e9sitez pas \u00e0 nous contacter.","_seopress_robots_index":"","footnotes":""},"class_list":["post-196","page","type-page","status-publish","hentry","no-post-thumbnail"],"_links":{"self":[{"href":"https:\/\/earltonlions.com\/fr\/wp-json\/wp\/v2\/pages\/196","targetHints":{"allow":["GET"]}}],"collection":[{"href":"https:\/\/earltonlions.com\/fr\/wp-json\/wp\/v2\/pages"}],"about":[{"href":"https:\/\/earltonlions.com\/fr\/wp-json\/wp\/v2\/types\/page"}],"author":[{"embeddable":true,"href":"https:\/\/earltonlions.com\/fr\/wp-json\/wp\/v2\/users\/2"}],"replies":[{"embeddable":true,"href":"https:\/\/earltonlions.com\/fr\/wp-json\/wp\/v2\/comments?post=196"}],"version-history":[{"count":14,"href":"https:\/\/earltonlions.com\/fr\/wp-json\/wp\/v2\/pages\/196\/revisions"}],"predecessor-version":[{"id":713,"href":"https:\/\/earltonlions.com\/fr\/wp-json\/wp\/v2\/pages\/196\/revisions\/713"}],"up":[{"embeddable":true,"href":"https:\/\/earltonlions.com\/fr\/wp-json\/wp\/v2\/pages\/77"}],"wp:attachment":[{"href":"https:\/\/earltonlions.com\/fr\/wp-json\/wp\/v2\/media?parent=196"}],"curies":[{"name":"wp","href":"https:\/\/api.w.org\/{rel}","templated":true}]}}