{"id":186,"date":"2021-02-10T17:58:58","date_gmt":"2021-02-10T22:58:58","guid":{"rendered":"https:\/\/lions.worryfreeweb.ca\/about-us\/"},"modified":"2026-03-09T14:35:17","modified_gmt":"2026-03-09T18:35:17","slug":"a-propos","status":"publish","type":"page","link":"https:\/\/earltonlions.com\/fr\/a-propos\/","title":{"rendered":"\u00c0 propos"},"content":{"rendered":"<div id=\"cs-content\" class=\"cs-content\"><\/div>\n","protected":false},"excerpt":{"rendered":"<p>Le Club Lions d\u2019Earlton est le seul en Ontario qui, depuis 1982, est inscrit \u00e0 titre de club de langue fran\u00e7aise. Nous comptons 21 membres, lesquels sont r\u00e9partis en deux g\u00e9n\u00e9rations qui sont superbement compl\u00e9mentaires quant \u00e0 la concr\u00e9tisation de &#8230; <\/p>\n<div><a href=\"https:\/\/earltonlions.com\/fr\/a-propos\/\" class=\"more-link\">Read More<\/a><\/div>\n","protected":false},"author":2,"featured_media":0,"parent":0,"menu_order":3,"comment_status":"closed","ping_status":"closed","template":"template-blank-4.php","meta":{"_seopress_robots_primary_cat":"","_seopress_titles_title":"\u00c0 propos du club | Club Lions d\u2019Earlton","_seopress_titles_desc":"Favoriser les moyens d\u2019\u00eatre au service de la communaut\u00e9, subvenir aux besoins de nature humanitaire, la paix et la compr\u00e9hension des envergure internationale. ","_seopress_robots_index":"","footnotes":""},"class_list":["post-186","page","type-page","status-publish","hentry","no-post-thumbnail"],"_links":{"self":[{"href":"https:\/\/earltonlions.com\/fr\/wp-json\/wp\/v2\/pages\/186","targetHints":{"allow":["GET"]}}],"collection":[{"href":"https:\/\/earltonlions.com\/fr\/wp-json\/wp\/v2\/pages"}],"about":[{"href":"https:\/\/earltonlions.com\/fr\/wp-json\/wp\/v2\/types\/page"}],"author":[{"embeddable":true,"href":"https:\/\/earltonlions.com\/fr\/wp-json\/wp\/v2\/users\/2"}],"replies":[{"embeddable":true,"href":"https:\/\/earltonlions.com\/fr\/wp-json\/wp\/v2\/comments?post=186"}],"version-history":[{"count":10,"href":"https:\/\/earltonlions.com\/fr\/wp-json\/wp\/v2\/pages\/186\/revisions"}],"predecessor-version":[{"id":643,"href":"https:\/\/earltonlions.com\/fr\/wp-json\/wp\/v2\/pages\/186\/revisions\/643"}],"wp:attachment":[{"href":"https:\/\/earltonlions.com\/fr\/wp-json\/wp\/v2\/media?parent=186"}],"curies":[{"name":"wp","href":"https:\/\/api.w.org\/{rel}","templated":true}]}}