{"id":131,"date":"2022-07-13T09:11:13","date_gmt":"2022-07-13T13:11:13","guid":{"rendered":"https:\/\/earltonlions.com\/access-denied\/"},"modified":"2022-08-24T15:47:54","modified_gmt":"2022-08-24T19:47:54","slug":"access-denied","status":"publish","type":"page","link":"https:\/\/earltonlions.com\/fr\/access-denied\/","title":{"rendered":"Acc\u00e8s refus\u00e9"},"content":{"rendered":"<div id=\"cs-content\" class=\"cs-content\"><\/div>\n","protected":false},"excerpt":{"rendered":"<p>Les r&egrave;gles de loterie de la Commission des alcools et des jeux de l&rsquo;Ontario stipulent clairement que les billets ne peuvent &ecirc;tre achet&eacute;s que dans la province de l&rsquo;Ontario. Si vous &ecirc;tes en visite en Ontario, vous pouvez jouer &agrave; &#8230; <\/p>\n<div><a href=\"https:\/\/earltonlions.com\/fr\/access-denied\/\" class=\"more-link\">Read More<\/a><\/div>\n","protected":false},"author":2,"featured_media":0,"parent":0,"menu_order":6,"comment_status":"closed","ping_status":"closed","template":"template-blank-4.php","meta":{"_seopress_robots_primary_cat":"","_seopress_titles_title":"Acc\u00e8s refus\u00e9 | Club Lions Earlton","_seopress_titles_desc":"Nous ne sommes pas en mesure de traiter votre commande. Assurez-vous d&#039;\u00eatre dans la r\u00e9gion de l&#039;Ontario pour participer, les billets peuvent \u00eatre achet\u00e9s qu&#039;en Ontario.","_seopress_robots_index":"","footnotes":""},"class_list":["post-131","page","type-page","status-publish","hentry","no-post-thumbnail"],"_links":{"self":[{"href":"https:\/\/earltonlions.com\/fr\/wp-json\/wp\/v2\/pages\/131","targetHints":{"allow":["GET"]}}],"collection":[{"href":"https:\/\/earltonlions.com\/fr\/wp-json\/wp\/v2\/pages"}],"about":[{"href":"https:\/\/earltonlions.com\/fr\/wp-json\/wp\/v2\/types\/page"}],"author":[{"embeddable":true,"href":"https:\/\/earltonlions.com\/fr\/wp-json\/wp\/v2\/users\/2"}],"replies":[{"embeddable":true,"href":"https:\/\/earltonlions.com\/fr\/wp-json\/wp\/v2\/comments?post=131"}],"version-history":[{"count":6,"href":"https:\/\/earltonlions.com\/fr\/wp-json\/wp\/v2\/pages\/131\/revisions"}],"predecessor-version":[{"id":286,"href":"https:\/\/earltonlions.com\/fr\/wp-json\/wp\/v2\/pages\/131\/revisions\/286"}],"wp:attachment":[{"href":"https:\/\/earltonlions.com\/fr\/wp-json\/wp\/v2\/media?parent=131"}],"curies":[{"name":"wp","href":"https:\/\/api.w.org\/{rel}","templated":true}]}}